{"id":183,"date":"2025-11-19T07:33:42","date_gmt":"2025-11-19T06:33:42","guid":{"rendered":"https:\/\/residenceusignolo.it\/?page_id=183"},"modified":"2026-01-19T17:31:24","modified_gmt":"2026-01-19T16:31:24","slug":"chi-siamo","status":"publish","type":"page","link":"https:\/\/residenceusignolo.it\/de\/chi-siamo\/","title":{"rendered":"Wer wir sind"},"content":{"rendered":"<div data-elementor-type=\"wp-page\" data-elementor-id=\"183\" class=\"elementor elementor-183\" data-elementor-post-type=\"page\">\n\t\t\t\t<div class=\"elementor-element elementor-element-4baa848 e-con-full e-flex e-con e-parent\" data-id=\"4baa848\" data-element_type=\"container\" data-e-type=\"container\" data-settings=\"{&quot;background_background&quot;:&quot;classic&quot;,&quot;jet_parallax_layout_list&quot;:[]}\">\n\t\t\t\t<div class=\"elementor-element elementor-element-6ab6f92 elementor-widget elementor-widget-heading\" data-id=\"6ab6f92\" data-element_type=\"widget\" data-e-type=\"widget\" data-widget_type=\"heading.default\">\n\t\t\t\t<div class=\"elementor-widget-container\">\n\t\t\t\t\t<h2 class=\"elementor-heading-title elementor-size-default\">Wer wir sind<\/h2>\t\t\t\t<\/div>\n\t\t\t\t<\/div>\n\t\t\t\t<div class=\"elementor-element elementor-element-90685b6 elementor-widget elementor-widget-heading\" data-id=\"90685b6\" data-element_type=\"widget\" data-e-type=\"widget\" data-widget_type=\"heading.default\">\n\t\t\t\t<div class=\"elementor-widget-container\">\n\t\t\t\t\t<h1 class=\"elementor-heading-title elementor-size-default\">Gem\u00fctliche Apartments mit Panoramablick auf den Lago Maggiore<\/h1>\t\t\t\t<\/div>\n\t\t\t\t<\/div>\n\t\t\t\t<div class=\"elementor-element elementor-element-b804a28 elementor-align-center elementor-widget elementor-widget-button\" data-id=\"b804a28\" data-element_type=\"widget\" data-e-type=\"widget\" data-widget_type=\"button.default\">\n\t\t\t\t<div class=\"elementor-widget-container\">\n\t\t\t\t\t\t\t\t\t<div class=\"elementor-button-wrapper\">\n\t\t\t\t\t<a class=\"elementor-button elementor-button-link elementor-size-sm\" href=\"https:\/\/www.quickbooking.eu\/BOL\/en\/3093\/residence-usignolo-\" target=\"_blank\">\n\t\t\t\t\t\t<span class=\"elementor-button-content-wrapper\">\n\t\t\t\t\t\t<span class=\"elementor-button-icon\">\n\t\t\t\t<i aria-hidden=\"true\" class=\"fas fa-angle-right\"><\/i>\t\t\t<\/span>\n\t\t\t\t\t\t\t\t\t<span class=\"elementor-button-text\">Buch<\/span>\n\t\t\t\t\t<\/span>\n\t\t\t\t\t<\/a>\n\t\t\t\t<\/div>\n\t\t\t\t\t\t\t\t<\/div>\n\t\t\t\t<\/div>\n\t\t\t\t<\/div>\n\t\t<div class=\"elementor-element elementor-element-4896dc8 e-flex e-con-boxed e-con e-parent\" data-id=\"4896dc8\" data-element_type=\"container\" data-e-type=\"container\" data-settings=\"{&quot;jet_parallax_layout_list&quot;:[]}\">\n\t\t\t\t\t<div class=\"e-con-inner\">\n\t\t<div class=\"elementor-element elementor-element-62165a4 e-con-full e-flex e-con e-child\" data-id=\"62165a4\" data-element_type=\"container\" data-e-type=\"container\" data-settings=\"{&quot;jet_parallax_layout_list&quot;:[]}\">\n\t\t\t\t<div class=\"elementor-element elementor-element-f98f90d elementor-widget elementor-widget-text-editor\" data-id=\"f98f90d\" data-element_type=\"widget\" data-e-type=\"widget\" data-widget_type=\"text-editor.default\">\n\t\t\t\t<div class=\"elementor-widget-container\">\n\t\t\t\t\t\t\t\t\t<p>Willkommen bei der <strong>Nightingale-Residenz<\/strong>, eine Anlage, die ein authentisches und entspannendes Aufenthaltserlebnis im Herzen von <strong>Trarego Viggiona<\/strong>.<\/p><p>Seit Jahren begr\u00fc\u00dfen wir G\u00e4ste, die die Ruhe der Berge und die Sch\u00f6nheit des Lago Maggiore in einer familienfreundlichen Atmosph\u00e4re mit viel Liebe zum Detail erleben m\u00f6chten.<\/p>\t\t\t\t\t\t\t\t<\/div>\n\t\t\t\t<\/div>\n\t\t\t\t<div class=\"elementor-element elementor-element-8cae2af elementor-align-left elementor-widget elementor-widget-button\" data-id=\"8cae2af\" data-element_type=\"widget\" data-e-type=\"widget\" data-widget_type=\"button.default\">\n\t\t\t\t<div class=\"elementor-widget-container\">\n\t\t\t\t\t\t\t\t\t<div class=\"elementor-button-wrapper\">\n\t\t\t\t\t<a class=\"elementor-button elementor-button-link elementor-size-sm\" href=\"https:\/\/residenceusignolo.it\/de\/camere\/\" target=\"_blank\">\n\t\t\t\t\t\t<span class=\"elementor-button-content-wrapper\">\n\t\t\t\t\t\t<span class=\"elementor-button-icon\">\n\t\t\t\t<i aria-hidden=\"true\" class=\"fas fa-angle-right\"><\/i>\t\t\t<\/span>\n\t\t\t\t\t\t\t\t\t<span class=\"elementor-button-text\">Die Zimmer<\/span>\n\t\t\t\t\t<\/span>\n\t\t\t\t\t<\/a>\n\t\t\t\t<\/div>\n\t\t\t\t\t\t\t\t<\/div>\n\t\t\t\t<\/div>\n\t\t\t\t<\/div>\n\t\t<div class=\"elementor-element elementor-element-5c9d537 e-con-full e-flex e-con e-child\" data-id=\"5c9d537\" data-element_type=\"container\" data-e-type=\"container\" data-settings=\"{&quot;jet_parallax_layout_list&quot;:[]}\">\n\t\t\t\t<div class=\"elementor-element elementor-element-fabe3a5 elementor-widget elementor-widget-image-carousel\" data-id=\"fabe3a5\" data-element_type=\"widget\" data-e-type=\"widget\" data-settings=\"{&quot;slides_to_show&quot;:&quot;1&quot;,&quot;navigation&quot;:&quot;none&quot;,&quot;autoplay_speed&quot;:2000,&quot;autoplay&quot;:&quot;yes&quot;,&quot;infinite&quot;:&quot;yes&quot;,&quot;effect&quot;:&quot;slide&quot;,&quot;speed&quot;:500}\" data-widget_type=\"image-carousel.default\">\n\t\t\t\t<div class=\"elementor-widget-container\">\n\t\t\t\t\t\t\t<div class=\"elementor-image-carousel-wrapper swiper\" role=\"region\" aria-roledescription=\"carousel\" aria-label=\"Bilderkarussell\" dir=\"ltr\">\n\t\t\t<div class=\"elementor-image-carousel swiper-wrapper\" aria-live=\"off\">\n\t\t\t\t\t\t\t\t<div class=\"swiper-slide\" role=\"group\" aria-roledescription=\"slide\" aria-label=\"1 di 6\"><figure class=\"swiper-slide-inner\"><img decoding=\"async\" class=\"swiper-slide-image\" src=\"https:\/\/residenceusignolo.it\/wp-content\/uploads\/2026\/01\/Residence_Usignolo72.jpg\" alt=\"Residence_Usignolo72\" \/><\/figure><\/div><div class=\"swiper-slide\" role=\"group\" aria-roledescription=\"slide\" aria-label=\"2 di 6\"><figure class=\"swiper-slide-inner\"><img decoding=\"async\" class=\"swiper-slide-image\" src=\"https:\/\/residenceusignolo.it\/wp-content\/uploads\/2026\/01\/Residence_Usignolo57.jpg\" alt=\"Residence_Usignolo57\" \/><\/figure><\/div><div class=\"swiper-slide\" role=\"group\" aria-roledescription=\"slide\" aria-label=\"3 di 6\"><figure class=\"swiper-slide-inner\"><img decoding=\"async\" class=\"swiper-slide-image\" src=\"https:\/\/residenceusignolo.it\/wp-content\/uploads\/2026\/01\/Residence_Usignolo50.jpg\" alt=\"Residence_Usignolo50\" \/><\/figure><\/div><div class=\"swiper-slide\" role=\"group\" aria-roledescription=\"slide\" aria-label=\"4 di 6\"><figure class=\"swiper-slide-inner\"><img decoding=\"async\" class=\"swiper-slide-image\" src=\"https:\/\/residenceusignolo.it\/wp-content\/uploads\/2026\/01\/Residence_Usignolo36.jpg\" alt=\"Residence_Usignolo36\" \/><\/figure><\/div><div class=\"swiper-slide\" role=\"group\" aria-roledescription=\"slide\" aria-label=\"5 di 6\"><figure class=\"swiper-slide-inner\"><img decoding=\"async\" class=\"swiper-slide-image\" src=\"https:\/\/residenceusignolo.it\/wp-content\/uploads\/2026\/01\/Residence_Usignolo06.jpg\" alt=\"Residence_Usignolo06\" \/><\/figure><\/div><div class=\"swiper-slide\" role=\"group\" aria-roledescription=\"slide\" aria-label=\"6 di 6\"><figure class=\"swiper-slide-inner\"><img decoding=\"async\" class=\"swiper-slide-image\" src=\"https:\/\/residenceusignolo.it\/wp-content\/uploads\/2025\/11\/Residence-Usignolo-trarego-27.jpg\" alt=\"Residence Usignolo trarego-27\" \/><\/figure><\/div>\t\t\t<\/div>\n\t\t\t\t\t\t\t\n\t\t\t\t\t\t\t\t\t<\/div>\n\t\t\t\t\t\t<\/div>\n\t\t\t\t<\/div>\n\t\t\t\t<\/div>\n\t\t\t\t\t<\/div>\n\t\t\t\t<\/div>\n\t\t<div class=\"elementor-element elementor-element-bcc55e2 e-con-full e-flex e-con e-parent\" data-id=\"bcc55e2\" data-element_type=\"container\" data-e-type=\"container\" data-settings=\"{&quot;background_background&quot;:&quot;classic&quot;,&quot;jet_parallax_layout_list&quot;:[]}\">\n\t\t<div class=\"elementor-element elementor-element-cd632e5 e-con-full e-flex e-con e-child\" data-id=\"cd632e5\" data-element_type=\"container\" data-e-type=\"container\" data-settings=\"{&quot;jet_parallax_layout_list&quot;:[]}\">\n\t\t\t\t<div class=\"elementor-element elementor-element-1c1e9ed elementor-widget elementor-widget-heading\" data-id=\"1c1e9ed\" data-element_type=\"widget\" data-e-type=\"widget\" data-widget_type=\"heading.default\">\n\t\t\t\t<div class=\"elementor-widget-container\">\n\t\t\t\t\t<h2 class=\"elementor-heading-title elementor-size-default\">Unsere Dienstleistungen<\/h2>\t\t\t\t<\/div>\n\t\t\t\t<\/div>\n\t\t\t\t<div class=\"elementor-element elementor-element-98ebf49 elementor-widget__width-inherit elementor-widget elementor-widget-text-editor\" data-id=\"98ebf49\" data-element_type=\"widget\" data-e-type=\"widget\" data-widget_type=\"text-editor.default\">\n\t\t\t\t<div class=\"elementor-widget-container\">\n\t\t\t\t\t\t\t\t\t<p>Die Residence Usignolo bietet 9 einladende Apartments, jedes mit eigener Terrasse und direktem Blick auf den Lago Maggiore.<\/p><p>Unsere Dienstleistungen sind auf Komfort und Bequemlichkeit ausgelegt: <strong>Kostenlose Parkpl\u00e4tze, schnelles WLAN, ausgestattete K\u00fcchenzeile, Gemeinschaftswaschk\u00fcche und Kinderspielplatz<\/strong>.<\/p><p>Das Fr\u00fchst\u00fcck wird im angrenzenden Caf\u00e9 serviert, w\u00e4hrend das Restaurant Usignolo in geselliger Atmosph\u00e4re lokale Spezialit\u00e4ten anbietet. Zur Entspannung stehen den G\u00e4sten der Panorama-Whirlpool und die gr\u00fcnen Au\u00dfenanlagen zur Verf\u00fcgung.<\/p><p>Wir sind der ideale Ausgangspunkt f\u00fcr <strong>Ausfl\u00fcge, Trekkingtouren und Reisen zur Entdeckung des Lago Maggiore<\/strong> und seine Wunder.<\/p>\t\t\t\t\t\t\t\t<\/div>\n\t\t\t\t<\/div>\n\t\t\t\t<\/div>\n\t\t<div class=\"elementor-element elementor-element-2ebfcc1 e-con-full e-flex e-con e-child\" data-id=\"2ebfcc1\" data-element_type=\"container\" data-e-type=\"container\" data-settings=\"{&quot;jet_parallax_layout_list&quot;:[],&quot;background_background&quot;:&quot;classic&quot;}\">\n\t\t\t\t<\/div>\n\t\t\t\t<\/div>\n\t\t\t\t<\/div>","protected":false},"excerpt":{"rendered":"<p>Chi siamo Accoglienti appartamenti con vista panoramica sul Lago Maggiore Prenota Benvenuti al Residence Usignolo, una struttura pensata per offrire un&#8217;esperienza di soggiorno autentica e rilassante nel cuore di Trarego Viggiona. Da anni accogliamo ospiti che desiderano vivere la tranquillit\u00e0 della montagna e la bellezza del Lago Maggiore, in un ambiente familiare e curato nei [&hellip;]<\/p>\n","protected":false},"author":3,"featured_media":0,"parent":0,"menu_order":0,"comment_status":"closed","ping_status":"closed","template":"","meta":{"footnotes":""},"class_list":["post-183","page","type-page","status-publish","hentry"],"_links":{"self":[{"href":"https:\/\/residenceusignolo.it\/de\/wp-json\/wp\/v2\/pages\/183","targetHints":{"allow":["GET"]}}],"collection":[{"href":"https:\/\/residenceusignolo.it\/de\/wp-json\/wp\/v2\/pages"}],"about":[{"href":"https:\/\/residenceusignolo.it\/de\/wp-json\/wp\/v2\/types\/page"}],"author":[{"embeddable":true,"href":"https:\/\/residenceusignolo.it\/de\/wp-json\/wp\/v2\/users\/3"}],"replies":[{"embeddable":true,"href":"https:\/\/residenceusignolo.it\/de\/wp-json\/wp\/v2\/comments?post=183"}],"version-history":[{"count":22,"href":"https:\/\/residenceusignolo.it\/de\/wp-json\/wp\/v2\/pages\/183\/revisions"}],"predecessor-version":[{"id":533,"href":"https:\/\/residenceusignolo.it\/de\/wp-json\/wp\/v2\/pages\/183\/revisions\/533"}],"wp:attachment":[{"href":"https:\/\/residenceusignolo.it\/de\/wp-json\/wp\/v2\/media?parent=183"}],"curies":[{"name":"wp","href":"https:\/\/api.w.org\/{rel}","templated":true}]}}