{"id":185,"date":"2025-11-19T07:33:52","date_gmt":"2025-11-19T06:33:52","guid":{"rendered":"https:\/\/residenceusignolo.it\/?page_id=185"},"modified":"2026-01-19T17:32:27","modified_gmt":"2026-01-19T16:32:27","slug":"camere","status":"publish","type":"page","link":"https:\/\/residenceusignolo.it\/de\/camere\/","title":{"rendered":"Zimmer"},"content":{"rendered":"<div data-elementor-type=\"wp-page\" data-elementor-id=\"185\" class=\"elementor elementor-185\" data-elementor-settings=\"{&quot;scroll_snap&quot;:&quot;yes&quot;}\" data-elementor-post-type=\"page\">\n\t\t\t\t<div class=\"elementor-element elementor-element-6b1680e e-con-full e-flex e-con e-parent\" data-id=\"6b1680e\" data-element_type=\"container\" data-e-type=\"container\" data-settings=\"{&quot;background_background&quot;:&quot;classic&quot;,&quot;jet_parallax_layout_list&quot;:[]}\">\n\t\t\t\t<div class=\"elementor-element elementor-element-1463346 elementor-widget elementor-widget-heading\" data-id=\"1463346\" data-element_type=\"widget\" data-e-type=\"widget\" data-widget_type=\"heading.default\">\n\t\t\t\t<div class=\"elementor-widget-container\">\n\t\t\t\t\t<h2 class=\"elementor-heading-title elementor-size-default\">Unsere Zimmer<\/h2>\t\t\t\t<\/div>\n\t\t\t\t<\/div>\n\t\t\t\t<div class=\"elementor-element elementor-element-8d055de elementor-widget elementor-widget-heading\" data-id=\"8d055de\" data-element_type=\"widget\" data-e-type=\"widget\" data-widget_type=\"heading.default\">\n\t\t\t\t<div class=\"elementor-widget-container\">\n\t\t\t\t\t<h1 class=\"elementor-heading-title elementor-size-default\">Gem\u00fctliche Zimmer mit Terrasse und Panoramablick auf den Lago Maggiore<\/h1>\t\t\t\t<\/div>\n\t\t\t\t<\/div>\n\t\t\t\t<div class=\"elementor-element elementor-element-2a3f516 elementor-align-center elementor-widget elementor-widget-button\" data-id=\"2a3f516\" data-element_type=\"widget\" data-e-type=\"widget\" data-widget_type=\"button.default\">\n\t\t\t\t<div class=\"elementor-widget-container\">\n\t\t\t\t\t\t\t\t\t<div class=\"elementor-button-wrapper\">\n\t\t\t\t\t<a class=\"elementor-button elementor-button-link elementor-size-sm\" href=\"https:\/\/www.quickbooking.eu\/BOL\/en\/3093\/residence-usignolo-\" target=\"_blank\">\n\t\t\t\t\t\t<span class=\"elementor-button-content-wrapper\">\n\t\t\t\t\t\t<span class=\"elementor-button-icon\">\n\t\t\t\t<i aria-hidden=\"true\" class=\"fas fa-angle-right\"><\/i>\t\t\t<\/span>\n\t\t\t\t\t\t\t\t\t<span class=\"elementor-button-text\">Buch<\/span>\n\t\t\t\t\t<\/span>\n\t\t\t\t\t<\/a>\n\t\t\t\t<\/div>\n\t\t\t\t\t\t\t\t<\/div>\n\t\t\t\t<\/div>\n\t\t\t\t<\/div>\n\t\t<div class=\"elementor-element elementor-element-7ef3612 e-flex e-con-boxed e-con e-parent\" data-id=\"7ef3612\" data-element_type=\"container\" data-e-type=\"container\" data-settings=\"{&quot;jet_parallax_layout_list&quot;:[]}\">\n\t\t\t\t\t<div class=\"e-con-inner\">\n\t\t\t\t<div class=\"elementor-element elementor-element-4a1a475 elementor-widget elementor-widget-text-editor\" data-id=\"4a1a475\" data-element_type=\"widget\" data-e-type=\"widget\" data-widget_type=\"text-editor.default\">\n\t\t\t\t<div class=\"elementor-widget-container\">\n\t\t\t\t\t\t\t\t\t<p>Unsere Zimmer und Apartments sind so gestaltet, dass sie Ihnen w\u00e4hrend Ihres Aufenthalts maximalen Komfort und Privatsph\u00e4re bieten.<\/p><p>Jede Wohneinheit verf\u00fcgt \u00fcber eine private Terrasse mit Blick auf den Lago Maggiore, moderne M\u00f6bel und alle Annehmlichkeiten f\u00fcr einen erholsamen Urlaub.<\/p><p>Entscheiden Sie sich f\u00fcr die Residence Usignolo und erleben Sie ein einzigartiges Abenteuer inmitten von Natur, Ruhe und atemberaubenden Ausblicken.<\/p>\t\t\t\t\t\t\t\t<\/div>\n\t\t\t\t<\/div>\n\t\t\t\t\t<\/div>\n\t\t\t\t<\/div>\n\t\t<div class=\"elementor-element elementor-element-f6e7998 e-flex e-con-boxed e-con e-parent\" data-id=\"f6e7998\" data-element_type=\"container\" data-e-type=\"container\" data-settings=\"{&quot;jet_parallax_layout_list&quot;:[]}\">\n\t\t\t\t\t<div class=\"e-con-inner\">\n\t\t\t\t<div class=\"elementor-element elementor-element-7f2a797 elementor-grid-3 elementor-grid-tablet-2 elementor-grid-mobile-1 elementor-posts--thumbnail-top elementor-widget elementor-widget-posts\" data-id=\"7f2a797\" data-element_type=\"widget\" data-e-type=\"widget\" data-settings=\"{&quot;classic_row_gap&quot;:{&quot;unit&quot;:&quot;px&quot;,&quot;size&quot;:30,&quot;sizes&quot;:[]},&quot;classic_row_gap_mobile&quot;:{&quot;unit&quot;:&quot;px&quot;,&quot;size&quot;:10,&quot;sizes&quot;:[]},&quot;pagination_type&quot;:&quot;load_more_infinite_scroll&quot;,&quot;classic_columns&quot;:&quot;3&quot;,&quot;classic_columns_tablet&quot;:&quot;2&quot;,&quot;classic_columns_mobile&quot;:&quot;1&quot;,&quot;classic_row_gap_tablet&quot;:{&quot;unit&quot;:&quot;px&quot;,&quot;size&quot;:&quot;&quot;,&quot;sizes&quot;:[]},&quot;load_more_spinner&quot;:{&quot;value&quot;:&quot;fas fa-spinner&quot;,&quot;library&quot;:&quot;fa-solid&quot;}}\" data-widget_type=\"posts.classic\">\n\t\t\t\t<div class=\"elementor-widget-container\">\n\t\t\t\t\t\t\t<div class=\"elementor-posts-container elementor-posts elementor-posts--skin-classic elementor-grid\" role=\"list\">\n\t\t\t\t<article class=\"elementor-post elementor-grid-item post-519 post type-post status-publish format-standard has-post-thumbnail hentry category-appartamento\" role=\"listitem\">\n\t\t\t\t<a class=\"elementor-post__thumbnail__link\" href=\"https:\/\/residenceusignolo.it\/de\/fringuello\/\" tabindex=\"-1\" >\n\t\t\t<div class=\"elementor-post__thumbnail\"><img fetchpriority=\"high\" decoding=\"async\" width=\"1600\" height=\"1067\" src=\"https:\/\/residenceusignolo.it\/wp-content\/uploads\/2026\/01\/Residence_Usignolo78.jpg\" class=\"attachment-full size-full wp-image-475\" alt=\"\" srcset=\"https:\/\/residenceusignolo.it\/wp-content\/uploads\/2026\/01\/Residence_Usignolo78.jpg 1600w, https:\/\/residenceusignolo.it\/wp-content\/uploads\/2026\/01\/Residence_Usignolo78-300x200.jpg 300w, https:\/\/residenceusignolo.it\/wp-content\/uploads\/2026\/01\/Residence_Usignolo78-1024x683.jpg 1024w, https:\/\/residenceusignolo.it\/wp-content\/uploads\/2026\/01\/Residence_Usignolo78-768x512.jpg 768w, https:\/\/residenceusignolo.it\/wp-content\/uploads\/2026\/01\/Residence_Usignolo78-1536x1024.jpg 1536w\" sizes=\"(max-width: 1600px) 100vw, 1600px\" \/><\/div>\n\t\t<\/a>\n\t\t\t\t<div class=\"elementor-post__text\">\n\t\t\t\t<h3 class=\"elementor-post__title\">\n\t\t\t<a href=\"https:\/\/residenceusignolo.it\/de\/fringuello\/\" >\n\t\t\t\tFringuello\t\t\t<\/a>\n\t\t<\/h3>\n\t\t\t\t<\/div>\n\t\t\t\t<\/article>\n\t\t\t\t<article class=\"elementor-post elementor-grid-item post-517 post type-post status-publish format-standard has-post-thumbnail hentry category-appartamento\" role=\"listitem\">\n\t\t\t\t<a class=\"elementor-post__thumbnail__link\" href=\"https:\/\/residenceusignolo.it\/de\/cardellino\/\" tabindex=\"-1\" >\n\t\t\t<div class=\"elementor-post__thumbnail\"><img decoding=\"async\" width=\"1600\" height=\"1067\" src=\"https:\/\/residenceusignolo.it\/wp-content\/uploads\/2026\/01\/Residence_Usignolo67.jpg\" class=\"attachment-full size-full wp-image-464\" alt=\"\" srcset=\"https:\/\/residenceusignolo.it\/wp-content\/uploads\/2026\/01\/Residence_Usignolo67.jpg 1600w, https:\/\/residenceusignolo.it\/wp-content\/uploads\/2026\/01\/Residence_Usignolo67-300x200.jpg 300w, https:\/\/residenceusignolo.it\/wp-content\/uploads\/2026\/01\/Residence_Usignolo67-1024x683.jpg 1024w, https:\/\/residenceusignolo.it\/wp-content\/uploads\/2026\/01\/Residence_Usignolo67-768x512.jpg 768w, https:\/\/residenceusignolo.it\/wp-content\/uploads\/2026\/01\/Residence_Usignolo67-1536x1024.jpg 1536w\" sizes=\"(max-width: 1600px) 100vw, 1600px\" \/><\/div>\n\t\t<\/a>\n\t\t\t\t<div class=\"elementor-post__text\">\n\t\t\t\t<h3 class=\"elementor-post__title\">\n\t\t\t<a href=\"https:\/\/residenceusignolo.it\/de\/cardellino\/\" >\n\t\t\t\tCardellino\t\t\t<\/a>\n\t\t<\/h3>\n\t\t\t\t<\/div>\n\t\t\t\t<\/article>\n\t\t\t\t<article class=\"elementor-post elementor-grid-item post-515 post type-post status-publish format-standard has-post-thumbnail hentry category-appartamento\" role=\"listitem\">\n\t\t\t\t<a class=\"elementor-post__thumbnail__link\" href=\"https:\/\/residenceusignolo.it\/de\/picchio\/\" tabindex=\"-1\" >\n\t\t\t<div class=\"elementor-post__thumbnail\"><img decoding=\"async\" width=\"1600\" height=\"1067\" src=\"https:\/\/residenceusignolo.it\/wp-content\/uploads\/2026\/01\/Residence_Usignolo60.jpg\" class=\"attachment-full size-full wp-image-457\" alt=\"\" srcset=\"https:\/\/residenceusignolo.it\/wp-content\/uploads\/2026\/01\/Residence_Usignolo60.jpg 1600w, https:\/\/residenceusignolo.it\/wp-content\/uploads\/2026\/01\/Residence_Usignolo60-300x200.jpg 300w, https:\/\/residenceusignolo.it\/wp-content\/uploads\/2026\/01\/Residence_Usignolo60-1024x683.jpg 1024w, https:\/\/residenceusignolo.it\/wp-content\/uploads\/2026\/01\/Residence_Usignolo60-768x512.jpg 768w, https:\/\/residenceusignolo.it\/wp-content\/uploads\/2026\/01\/Residence_Usignolo60-1536x1024.jpg 1536w\" sizes=\"(max-width: 1600px) 100vw, 1600px\" \/><\/div>\n\t\t<\/a>\n\t\t\t\t<div class=\"elementor-post__text\">\n\t\t\t\t<h3 class=\"elementor-post__title\">\n\t\t\t<a href=\"https:\/\/residenceusignolo.it\/de\/picchio\/\" >\n\t\t\t\tPicchio\t\t\t<\/a>\n\t\t<\/h3>\n\t\t\t\t<\/div>\n\t\t\t\t<\/article>\n\t\t\t\t<article class=\"elementor-post elementor-grid-item post-513 post type-post status-publish format-standard has-post-thumbnail hentry category-monolocale\" role=\"listitem\">\n\t\t\t\t<a class=\"elementor-post__thumbnail__link\" href=\"https:\/\/residenceusignolo.it\/de\/cinciallegra\/\" tabindex=\"-1\" >\n\t\t\t<div class=\"elementor-post__thumbnail\"><img loading=\"lazy\" decoding=\"async\" width=\"1600\" height=\"1067\" src=\"https:\/\/residenceusignolo.it\/wp-content\/uploads\/2026\/01\/Residence_Usignolo48.jpg\" class=\"attachment-full size-full wp-image-445\" alt=\"\" srcset=\"https:\/\/residenceusignolo.it\/wp-content\/uploads\/2026\/01\/Residence_Usignolo48.jpg 1600w, https:\/\/residenceusignolo.it\/wp-content\/uploads\/2026\/01\/Residence_Usignolo48-300x200.jpg 300w, https:\/\/residenceusignolo.it\/wp-content\/uploads\/2026\/01\/Residence_Usignolo48-1024x683.jpg 1024w, https:\/\/residenceusignolo.it\/wp-content\/uploads\/2026\/01\/Residence_Usignolo48-768x512.jpg 768w, https:\/\/residenceusignolo.it\/wp-content\/uploads\/2026\/01\/Residence_Usignolo48-1536x1024.jpg 1536w\" sizes=\"(max-width: 1600px) 100vw, 1600px\" \/><\/div>\n\t\t<\/a>\n\t\t\t\t<div class=\"elementor-post__text\">\n\t\t\t\t<h3 class=\"elementor-post__title\">\n\t\t\t<a href=\"https:\/\/residenceusignolo.it\/de\/cinciallegra\/\" >\n\t\t\t\tCinciallegra\t\t\t<\/a>\n\t\t<\/h3>\n\t\t\t\t<\/div>\n\t\t\t\t<\/article>\n\t\t\t\t<article class=\"elementor-post elementor-grid-item post-511 post type-post status-publish format-standard has-post-thumbnail hentry category-monolocale\" role=\"listitem\">\n\t\t\t\t<a class=\"elementor-post__thumbnail__link\" href=\"https:\/\/residenceusignolo.it\/de\/stornello\/\" tabindex=\"-1\" >\n\t\t\t<div class=\"elementor-post__thumbnail\"><img loading=\"lazy\" decoding=\"async\" width=\"1600\" height=\"1067\" src=\"https:\/\/residenceusignolo.it\/wp-content\/uploads\/2026\/01\/Residence_Usignolo38.jpg\" class=\"attachment-full size-full wp-image-435\" alt=\"\" srcset=\"https:\/\/residenceusignolo.it\/wp-content\/uploads\/2026\/01\/Residence_Usignolo38.jpg 1600w, https:\/\/residenceusignolo.it\/wp-content\/uploads\/2026\/01\/Residence_Usignolo38-300x200.jpg 300w, https:\/\/residenceusignolo.it\/wp-content\/uploads\/2026\/01\/Residence_Usignolo38-1024x683.jpg 1024w, https:\/\/residenceusignolo.it\/wp-content\/uploads\/2026\/01\/Residence_Usignolo38-768x512.jpg 768w, https:\/\/residenceusignolo.it\/wp-content\/uploads\/2026\/01\/Residence_Usignolo38-1536x1024.jpg 1536w\" sizes=\"(max-width: 1600px) 100vw, 1600px\" \/><\/div>\n\t\t<\/a>\n\t\t\t\t<div class=\"elementor-post__text\">\n\t\t\t\t<h3 class=\"elementor-post__title\">\n\t\t\t<a href=\"https:\/\/residenceusignolo.it\/de\/stornello\/\" >\n\t\t\t\tStornello\t\t\t<\/a>\n\t\t<\/h3>\n\t\t\t\t<\/div>\n\t\t\t\t<\/article>\n\t\t\t\t<article class=\"elementor-post elementor-grid-item post-509 post type-post status-publish format-standard has-post-thumbnail hentry category-monolocale\" role=\"listitem\">\n\t\t\t\t<a class=\"elementor-post__thumbnail__link\" href=\"https:\/\/residenceusignolo.it\/de\/pettirosso\/\" tabindex=\"-1\" >\n\t\t\t<div class=\"elementor-post__thumbnail\"><img loading=\"lazy\" decoding=\"async\" width=\"1600\" height=\"1067\" src=\"https:\/\/residenceusignolo.it\/wp-content\/uploads\/2026\/01\/Residence_Usignolo29.jpg\" class=\"attachment-full size-full wp-image-426\" alt=\"\" srcset=\"https:\/\/residenceusignolo.it\/wp-content\/uploads\/2026\/01\/Residence_Usignolo29.jpg 1600w, https:\/\/residenceusignolo.it\/wp-content\/uploads\/2026\/01\/Residence_Usignolo29-300x200.jpg 300w, https:\/\/residenceusignolo.it\/wp-content\/uploads\/2026\/01\/Residence_Usignolo29-1024x683.jpg 1024w, https:\/\/residenceusignolo.it\/wp-content\/uploads\/2026\/01\/Residence_Usignolo29-768x512.jpg 768w, https:\/\/residenceusignolo.it\/wp-content\/uploads\/2026\/01\/Residence_Usignolo29-1536x1024.jpg 1536w\" sizes=\"(max-width: 1600px) 100vw, 1600px\" \/><\/div>\n\t\t<\/a>\n\t\t\t\t<div class=\"elementor-post__text\">\n\t\t\t\t<h3 class=\"elementor-post__title\">\n\t\t\t<a href=\"https:\/\/residenceusignolo.it\/de\/pettirosso\/\" >\n\t\t\t\tPettirosso\t\t\t<\/a>\n\t\t<\/h3>\n\t\t\t\t<\/div>\n\t\t\t\t<\/article>\n\t\t\t\t<article class=\"elementor-post elementor-grid-item post-502 post type-post status-publish format-standard has-post-thumbnail hentry category-monolocale\" role=\"listitem\">\n\t\t\t\t<a class=\"elementor-post__thumbnail__link\" href=\"https:\/\/residenceusignolo.it\/de\/allodola\/\" tabindex=\"-1\" >\n\t\t\t<div class=\"elementor-post__thumbnail\"><img loading=\"lazy\" decoding=\"async\" width=\"1600\" height=\"1067\" src=\"https:\/\/residenceusignolo.it\/wp-content\/uploads\/2026\/01\/Residence_Usignolo20.jpg\" class=\"attachment-full size-full wp-image-417\" alt=\"\" srcset=\"https:\/\/residenceusignolo.it\/wp-content\/uploads\/2026\/01\/Residence_Usignolo20.jpg 1600w, https:\/\/residenceusignolo.it\/wp-content\/uploads\/2026\/01\/Residence_Usignolo20-300x200.jpg 300w, https:\/\/residenceusignolo.it\/wp-content\/uploads\/2026\/01\/Residence_Usignolo20-1024x683.jpg 1024w, https:\/\/residenceusignolo.it\/wp-content\/uploads\/2026\/01\/Residence_Usignolo20-768x512.jpg 768w, https:\/\/residenceusignolo.it\/wp-content\/uploads\/2026\/01\/Residence_Usignolo20-1536x1024.jpg 1536w\" sizes=\"(max-width: 1600px) 100vw, 1600px\" \/><\/div>\n\t\t<\/a>\n\t\t\t\t<div class=\"elementor-post__text\">\n\t\t\t\t<h3 class=\"elementor-post__title\">\n\t\t\t<a href=\"https:\/\/residenceusignolo.it\/de\/allodola\/\" >\n\t\t\t\tAllodola\t\t\t<\/a>\n\t\t<\/h3>\n\t\t\t\t<\/div>\n\t\t\t\t<\/article>\n\t\t\t\t<article class=\"elementor-post elementor-grid-item post-499 post type-post status-publish format-standard has-post-thumbnail hentry category-monolocale\" role=\"listitem\">\n\t\t\t\t<a class=\"elementor-post__thumbnail__link\" href=\"https:\/\/residenceusignolo.it\/de\/rondine\/\" tabindex=\"-1\" >\n\t\t\t<div class=\"elementor-post__thumbnail\"><img loading=\"lazy\" decoding=\"async\" width=\"1600\" height=\"1067\" src=\"https:\/\/residenceusignolo.it\/wp-content\/uploads\/2026\/01\/Residence_Usignolo12.jpg\" class=\"attachment-full size-full wp-image-409\" alt=\"\" srcset=\"https:\/\/residenceusignolo.it\/wp-content\/uploads\/2026\/01\/Residence_Usignolo12.jpg 1600w, https:\/\/residenceusignolo.it\/wp-content\/uploads\/2026\/01\/Residence_Usignolo12-300x200.jpg 300w, https:\/\/residenceusignolo.it\/wp-content\/uploads\/2026\/01\/Residence_Usignolo12-1024x683.jpg 1024w, https:\/\/residenceusignolo.it\/wp-content\/uploads\/2026\/01\/Residence_Usignolo12-768x512.jpg 768w, https:\/\/residenceusignolo.it\/wp-content\/uploads\/2026\/01\/Residence_Usignolo12-1536x1024.jpg 1536w\" sizes=\"(max-width: 1600px) 100vw, 1600px\" \/><\/div>\n\t\t<\/a>\n\t\t\t\t<div class=\"elementor-post__text\">\n\t\t\t\t<h3 class=\"elementor-post__title\">\n\t\t\t<a href=\"https:\/\/residenceusignolo.it\/de\/rondine\/\" >\n\t\t\t\tRondine\t\t\t<\/a>\n\t\t<\/h3>\n\t\t\t\t<\/div>\n\t\t\t\t<\/article>\n\t\t\t\t<article class=\"elementor-post elementor-grid-item post-496 post type-post status-publish format-standard has-post-thumbnail hentry category-monolocale\" role=\"listitem\">\n\t\t\t\t<a class=\"elementor-post__thumbnail__link\" href=\"https:\/\/residenceusignolo.it\/de\/gabbiano\/\" tabindex=\"-1\" >\n\t\t\t<div class=\"elementor-post__thumbnail\"><img loading=\"lazy\" decoding=\"async\" width=\"1600\" height=\"1067\" src=\"https:\/\/residenceusignolo.it\/wp-content\/uploads\/2026\/01\/Residence_Usignolo02.jpg\" class=\"attachment-full size-full wp-image-399\" alt=\"\" srcset=\"https:\/\/residenceusignolo.it\/wp-content\/uploads\/2026\/01\/Residence_Usignolo02.jpg 1600w, https:\/\/residenceusignolo.it\/wp-content\/uploads\/2026\/01\/Residence_Usignolo02-300x200.jpg 300w, https:\/\/residenceusignolo.it\/wp-content\/uploads\/2026\/01\/Residence_Usignolo02-1024x683.jpg 1024w, https:\/\/residenceusignolo.it\/wp-content\/uploads\/2026\/01\/Residence_Usignolo02-768x512.jpg 768w, https:\/\/residenceusignolo.it\/wp-content\/uploads\/2026\/01\/Residence_Usignolo02-1536x1024.jpg 1536w\" sizes=\"(max-width: 1600px) 100vw, 1600px\" \/><\/div>\n\t\t<\/a>\n\t\t\t\t<div class=\"elementor-post__text\">\n\t\t\t\t<h3 class=\"elementor-post__title\">\n\t\t\t<a href=\"https:\/\/residenceusignolo.it\/de\/gabbiano\/\" >\n\t\t\t\tGabbiano\t\t\t<\/a>\n\t\t<\/h3>\n\t\t\t\t<\/div>\n\t\t\t\t<\/article>\n\t\t\t\t<\/div>\n\t\t\t\t\t<span class=\"e-load-more-spinner\">\n\t\t\t\t<i aria-hidden=\"true\" class=\"fas fa-spinner\"><\/i>\t\t\t<\/span>\n\t\t\n\t\t\t\t\t\t<\/div>\n\t\t\t\t<\/div>\n\t\t\t\t\t<\/div>\n\t\t\t\t<\/div>\n\t\t\t\t<\/div>","protected":false},"excerpt":{"rendered":"<p>Le nostre camere Camere Accoglienti con Terrazza e Vista Panoramica sul Lago Maggiore Prenota Le nostre camere e appartamenti sono pensati per offrirti il massimo<\/p>","protected":false},"author":3,"featured_media":0,"parent":0,"menu_order":0,"comment_status":"closed","ping_status":"closed","template":"","meta":{"footnotes":""},"class_list":["post-185","page","type-page","status-publish","hentry"],"_links":{"self":[{"href":"https:\/\/residenceusignolo.it\/de\/wp-json\/wp\/v2\/pages\/185","targetHints":{"allow":["GET"]}}],"collection":[{"href":"https:\/\/residenceusignolo.it\/de\/wp-json\/wp\/v2\/pages"}],"about":[{"href":"https:\/\/residenceusignolo.it\/de\/wp-json\/wp\/v2\/types\/page"}],"author":[{"embeddable":true,"href":"https:\/\/residenceusignolo.it\/de\/wp-json\/wp\/v2\/users\/3"}],"replies":[{"embeddable":true,"href":"https:\/\/residenceusignolo.it\/de\/wp-json\/wp\/v2\/comments?post=185"}],"version-history":[{"count":22,"href":"https:\/\/residenceusignolo.it\/de\/wp-json\/wp\/v2\/pages\/185\/revisions"}],"predecessor-version":[{"id":536,"href":"https:\/\/residenceusignolo.it\/de\/wp-json\/wp\/v2\/pages\/185\/revisions\/536"}],"wp:attachment":[{"href":"https:\/\/residenceusignolo.it\/de\/wp-json\/wp\/v2\/media?parent=185"}],"curies":[{"name":"wp","href":"https:\/\/api.w.org\/{rel}","templated":true}]}}